{"id":241,"date":"2025-06-12T12:52:02","date_gmt":"2025-06-12T10:52:02","guid":{"rendered":"https:\/\/bieltauler.es\/index.php\/biel-tauler-riera\/"},"modified":"2025-06-30T12:20:09","modified_gmt":"2025-06-30T10:20:09","slug":"pere-obrador-garau","status":"publish","type":"page","link":"https:\/\/pereobrador.es\/ca\/pere-obrador-garau\/","title":{"rendered":"Pere Obrador Garau"},"content":{"rendered":"\t\t<div data-elementor-type=\"wp-page\" data-elementor-id=\"241\" class=\"elementor elementor-241 elementor-97\">\n\t\t\t\t<div class=\"elementor-element elementor-element-5b847382 e-con-full e-flex e-con e-parent\" data-id=\"5b847382\" data-element_type=\"container\" data-e-type=\"container\" data-settings=\"{&quot;background_background&quot;:&quot;classic&quot;}\">\n\t\t<div class=\"elementor-element elementor-element-580c3c1b e-con-full e-flex e-con e-child\" data-id=\"580c3c1b\" data-element_type=\"container\" data-e-type=\"container\">\n\t\t<div class=\"elementor-element elementor-element-682c5762 e-flex e-con-boxed e-con e-child\" data-id=\"682c5762\" data-element_type=\"container\" data-e-type=\"container\">\n\t\t\t\t\t<div class=\"e-con-inner\">\n\t\t<div class=\"elementor-element elementor-element-3001c2e7 e-con-full e-flex e-con e-child\" data-id=\"3001c2e7\" data-element_type=\"container\" data-e-type=\"container\">\n\t\t\t\t<div class=\"elementor-element elementor-element-15f27568 elementor-widget elementor-widget-heading\" data-id=\"15f27568\" data-element_type=\"widget\" data-e-type=\"widget\" data-widget_type=\"heading.default\">\n\t\t\t\t<div class=\"elementor-widget-container\">\n\t\t\t\t\t<h1 class=\"elementor-heading-title elementor-size-default\">Sobre Pere Obrador Garau<\/h1>\t\t\t\t<\/div>\n\t\t\t\t<\/div>\n\t\t\t\t<div class=\"elementor-element elementor-element-3fa4298a elementor-widget elementor-widget-heading\" data-id=\"3fa4298a\" data-element_type=\"widget\" data-e-type=\"widget\" data-widget_type=\"heading.default\">\n\t\t\t\t<div class=\"elementor-widget-container\">\n\t\t\t\t\t<h2 class=\"elementor-heading-title elementor-size-default\">Graduat Social especialitzat en dret laboral i assessorament d'empreses.<\/h2>\t\t\t\t<\/div>\n\t\t\t\t<\/div>\n\t\t\t\t<div class=\"elementor-element elementor-element-1d34b98b elementor-widget elementor-widget-text-editor\" data-id=\"1d34b98b\" data-element_type=\"widget\" data-e-type=\"widget\" data-widget_type=\"text-editor.default\">\n\t\t\t\t<div class=\"elementor-widget-container\">\n\t\t\t\t\t\t\t\t\t<p>Pere Obrador Garau \u00e9s un graduat social amb una traject\u00f2ria consolidada en l&#8217;assessorament jur\u00eddic-laboral. Al llarg de m\u00e9s de 15 anys d&#8217;experi\u00e8ncia, ha treballat de manera pr\u00f2xima amb empreses, professionals i aut\u00f2noms, brindant solucions clares, eficaces i adaptades a cada realitat empresarial. La seva participaci\u00f3 activa en l&#8217;ecosistema econ\u00f2mic local i el seu comprom\u00eds amb la millora cont\u00ednua fan d&#8217;ell un referent en el seu \u00e0mbit.  <\/p>\t\t\t\t\t\t\t\t<\/div>\n\t\t\t\t<\/div>\n\t\t\t\t<\/div>\n\t\t\t\t\t<\/div>\n\t\t\t\t<\/div>\n\t\t\t\t<\/div>\n\t\t<div class=\"elementor-element elementor-element-5b9dc094 e-con-full e-flex e-con e-child\" data-id=\"5b9dc094\" data-element_type=\"container\" data-e-type=\"container\">\n\t\t\t\t<div class=\"elementor-element elementor-element-6af096a0 elementor-widget elementor-widget-image\" data-id=\"6af096a0\" data-element_type=\"widget\" data-e-type=\"widget\" data-widget_type=\"image.default\">\n\t\t\t\t<div class=\"elementor-widget-container\">\n\t\t\t\t\t\t\t\t\t\t\t\t\t\t\t<img fetchpriority=\"high\" decoding=\"async\" width=\"865\" height=\"600\" src=\"https:\/\/pereobrador.es\/wp-content\/uploads\/2025\/06\/pere-obrador_about.png\" class=\"attachment-full size-full wp-image-482\" alt=\"\" srcset=\"https:\/\/pereobrador.es\/wp-content\/uploads\/2025\/06\/pere-obrador_about.png 865w, https:\/\/pereobrador.es\/wp-content\/uploads\/2025\/06\/pere-obrador_about-300x208.png 300w, https:\/\/pereobrador.es\/wp-content\/uploads\/2025\/06\/pere-obrador_about-768x533.png 768w\" sizes=\"(max-width: 865px) 100vw, 865px\" \/>\t\t\t\t\t\t\t\t\t\t\t\t\t\t\t<\/div>\n\t\t\t\t<\/div>\n\t\t\t\t<\/div>\n\t\t\t\t<\/div>\n\t\t<div class=\"elementor-element elementor-element-c68bb81 e-flex e-con-boxed e-con e-parent\" data-id=\"c68bb81\" data-element_type=\"container\" data-e-type=\"container\" data-settings=\"{&quot;background_background&quot;:&quot;classic&quot;}\">\n\t\t\t\t\t<div class=\"e-con-inner\">\n\t\t<div class=\"elementor-element elementor-element-56325909 e-con-full e-flex e-con e-child\" data-id=\"56325909\" data-element_type=\"container\" data-e-type=\"container\">\n\t\t\t\t<div class=\"elementor-element elementor-element-c252bf3 elementor-view-default elementor-widget elementor-widget-icon\" data-id=\"c252bf3\" data-element_type=\"widget\" data-e-type=\"widget\" data-widget_type=\"icon.default\">\n\t\t\t\t<div class=\"elementor-widget-container\">\n\t\t\t\t\t\t\t<div class=\"elementor-icon-wrapper\">\n\t\t\t<div class=\"elementor-icon\">\n\t\t\t<svg xmlns=\"http:\/\/www.w3.org\/2000\/svg\" viewBox=\"0 0 640 512\"><path d=\"M320 32c-8.1 0-16.1 1.4-23.7 4.1L15.8 137.4C6.3 140.9 0 149.9 0 160s6.3 19.1 15.8 22.6l57.9 20.9C57.3 229.3 48 259.8 48 291.9l0 28.1c0 28.4-10.8 57.7-22.3 80.8c-6.5 13-13.9 25.8-22.5 37.6C0 442.7-.9 448.3 .9 453.4s6 8.9 11.2 10.2l64 16c4.2 1.1 8.7 .3 12.4-2s6.3-6.1 7.1-10.4c8.6-42.8 4.3-81.2-2.1-108.7C90.3 344.3 86 329.8 80 316.5l0-24.6c0-30.2 10.2-58.7 27.9-81.5c12.9-15.5 29.6-28 49.2-35.7l157-61.7c8.2-3.2 17.5 .8 20.7 9s-.8 17.5-9 20.7l-157 61.7c-12.4 4.9-23.3 12.4-32.2 21.6l159.6 57.6c7.6 2.7 15.6 4.1 23.7 4.1s16.1-1.4 23.7-4.1L624.2 182.6c9.5-3.4 15.8-12.5 15.8-22.6s-6.3-19.1-15.8-22.6L343.7 36.1C336.1 33.4 328.1 32 320 32zM128 408c0 35.3 86 72 192 72s192-36.7 192-72L496.7 262.6 354.5 314c-11.1 4-22.8 6-34.5 6s-23.5-2-34.5-6L143.3 262.6 128 408z\"><\/path><\/svg>\t\t\t<\/div>\n\t\t<\/div>\n\t\t\t\t\t\t<\/div>\n\t\t\t\t<\/div>\n\t\t\t\t<div class=\"elementor-element elementor-element-20c7653 elementor-widget elementor-widget-heading\" data-id=\"20c7653\" data-element_type=\"widget\" data-e-type=\"widget\" data-widget_type=\"heading.default\">\n\t\t\t\t<div class=\"elementor-widget-container\">\n\t\t\t\t\t<h4 class=\"elementor-heading-title elementor-size-default\">Formaci\u00f3 Acad\u00e8mica<\/h4>\t\t\t\t<\/div>\n\t\t\t\t<\/div>\n\t\t\t\t<div class=\"elementor-element elementor-element-4c64fe61 elementor-widget elementor-widget-text-editor\" data-id=\"4c64fe61\" data-element_type=\"widget\" data-e-type=\"widget\" data-widget_type=\"text-editor.default\">\n\t\t\t\t<div class=\"elementor-widget-container\">\n\t\t\t\t\t\t\t\t\t<ul>\n \t<li>Diplomat en Relacions Laborals per la Universitat de les Illes Balears.<\/li><br> \t<li>Actualitzaci\u00f3 constant en legislaci\u00f3 laboral, Seguretat Social i gesti\u00f3 de personal.<\/li><br> \t<li>Participaci\u00f3 freq\u00fcent en jornades t\u00e8cniques i seminaris sobre dret laboral i canvis legislatius.<\/li><br> \t<li>Formaci\u00f3 espec\u00edfica en assessorament laboral a empreses, amb enfocament en el compliment normatiu i prevenci\u00f3 de riscos legals.<\/li>\n<\/ul>\t\t\t\t\t\t\t\t<\/div>\n\t\t\t\t<\/div>\n\t\t\t\t<\/div>\n\t\t<div class=\"elementor-element elementor-element-7056abf8 e-con-full e-flex e-con e-child\" data-id=\"7056abf8\" data-element_type=\"container\" data-e-type=\"container\">\n\t\t\t\t<div class=\"elementor-element elementor-element-19f59c39 elementor-view-default elementor-widget elementor-widget-icon\" data-id=\"19f59c39\" data-element_type=\"widget\" data-e-type=\"widget\" data-widget_type=\"icon.default\">\n\t\t\t\t<div class=\"elementor-widget-container\">\n\t\t\t\t\t\t\t<div class=\"elementor-icon-wrapper\">\n\t\t\t<div class=\"elementor-icon\">\n\t\t\t<svg xmlns=\"http:\/\/www.w3.org\/2000\/svg\" viewBox=\"0 0 448 512\"><path d=\"M96 128a128 128 0 1 0 256 0A128 128 0 1 0 96 128zm94.5 200.2l18.6 31L175.8 483.1l-36-146.9c-2-8.1-9.8-13.4-17.9-11.3C51.9 342.4 0 405.8 0 481.3c0 17 13.8 30.7 30.7 30.7l131.7 0c0 0 0 0 .1 0l5.5 0 112 0 5.5 0c0 0 0 0 .1 0l131.7 0c17 0 30.7-13.8 30.7-30.7c0-75.5-51.9-138.9-121.9-156.4c-8.1-2-15.9 3.3-17.9 11.3l-36 146.9L238.9 359.2l18.6-31c6.4-10.7-1.3-24.2-13.7-24.2L224 304l-19.7 0c-12.4 0-20.1 13.6-13.7 24.2z\"><\/path><\/svg>\t\t\t<\/div>\n\t\t<\/div>\n\t\t\t\t\t\t<\/div>\n\t\t\t\t<\/div>\n\t\t\t\t<div class=\"elementor-element elementor-element-1588d2b4 elementor-widget elementor-widget-heading\" data-id=\"1588d2b4\" data-element_type=\"widget\" data-e-type=\"widget\" data-widget_type=\"heading.default\">\n\t\t\t\t<div class=\"elementor-widget-container\">\n\t\t\t\t\t<h4 class=\"elementor-heading-title elementor-size-default\">Experi\u00e8ncia Professional<\/h4>\t\t\t\t<\/div>\n\t\t\t\t<\/div>\n\t\t\t\t<div class=\"elementor-element elementor-element-4e762c24 elementor-widget elementor-widget-text-editor\" data-id=\"4e762c24\" data-element_type=\"widget\" data-e-type=\"widget\" data-widget_type=\"text-editor.default\">\n\t\t\t\t<div class=\"elementor-widget-container\">\n\t\t\t\t\t\t\t\t\t<ul>\n \t<li>Expert en dret laboral en Gabinet Laboral i Tributari Associat, on ofereix serveis integrals d&#8217;assessoria a empreses.<\/li><br> \t<li>Confecci\u00f3 de n\u00f2mines, assegurances socials i models tributaris trimestrals.<\/li><br> \t<li>Tramitaci\u00f3 d&#8217;altes, baixes i variacions en la Seguretat Social.<\/li><br> \t<li>Assist\u00e8ncia i representaci\u00f3 davant els Tribunals d&#8217;Arbitratge, Mediaci\u00f3 i Jutjats socials.<\/li><br> \t<li>Soci en Gabinet Obrador i Rossell\u00f3 Economistes i Associats S.L., ampliant el seu impacte en l&#8217;\u00e0mbit empresarial.<\/li>\n<\/ul>\t\t\t\t\t\t\t\t<\/div>\n\t\t\t\t<\/div>\n\t\t\t\t<\/div>\n\t\t<div class=\"elementor-element elementor-element-39e5148b e-con-full e-flex e-con e-child\" data-id=\"39e5148b\" data-element_type=\"container\" data-e-type=\"container\">\n\t\t\t\t<div class=\"elementor-element elementor-element-42ed7ed4 elementor-view-default elementor-widget elementor-widget-icon\" data-id=\"42ed7ed4\" data-element_type=\"widget\" data-e-type=\"widget\" data-widget_type=\"icon.default\">\n\t\t\t\t<div class=\"elementor-widget-container\">\n\t\t\t\t\t\t\t<div class=\"elementor-icon-wrapper\">\n\t\t\t<div class=\"elementor-icon\">\n\t\t\t<svg xmlns=\"http:\/\/www.w3.org\/2000\/svg\" viewBox=\"0 0 512 512\"><path d=\"M47.6 300.4L228.3 469.1c7.5 7 17.4 10.9 27.7 10.9s20.2-3.9 27.7-10.9L464.4 300.4c30.4-28.3 47.6-68 47.6-109.5v-5.8c0-69.9-50.5-129.5-119.4-141C347 36.5 300.6 51.4 268 84L256 96 244 84c-32.6-32.6-79-47.5-124.6-39.9C50.5 55.6 0 115.2 0 185.1v5.8c0 41.5 17.2 81.2 47.6 109.5z\"><\/path><\/svg>\t\t\t<\/div>\n\t\t<\/div>\n\t\t\t\t\t\t<\/div>\n\t\t\t\t<\/div>\n\t\t\t\t<div class=\"elementor-element elementor-element-565b4595 elementor-widget elementor-widget-heading\" data-id=\"565b4595\" data-element_type=\"widget\" data-e-type=\"widget\" data-widget_type=\"heading.default\">\n\t\t\t\t<div class=\"elementor-widget-container\">\n\t\t\t\t\t<h4 class=\"elementor-heading-title elementor-size-default\">Valors Professionals<\/h4>\t\t\t\t<\/div>\n\t\t\t\t<\/div>\n\t\t\t\t<div class=\"elementor-element elementor-element-1edd7e8e elementor-widget elementor-widget-text-editor\" data-id=\"1edd7e8e\" data-element_type=\"widget\" data-e-type=\"widget\" data-widget_type=\"text-editor.default\">\n\t\t\t\t<div class=\"elementor-widget-container\">\n\t\t\t\t\t\t\t\t\t<ul>\n \t<li>Comprom\u00eds ferm amb l&#8217;\u00e8tica professional i la transpar\u00e8ncia en totes les gestions<\/li><br> \t<li>Assessorament personalitzat i centrat en les necessitats espec\u00edfiques de cada client.<\/li><br> \t<li>Enfocament preventiu, orientat a garantir la seguretat jur\u00eddica i l&#8217;optimitzaci\u00f3 dels recursos humans.<\/li><br> \t<li>Participaci\u00f3 activa en xarxes professionals com BNI Comprom\u00eds Manacor, enfortint la seva xarxa de col\u00b7laboraci\u00f3 i aprenentatge continu.<\/li>\n<\/ul>\t\t\t\t\t\t\t\t<\/div>\n\t\t\t\t<\/div>\n\t\t\t\t<\/div>\n\t\t\t\t\t<\/div>\n\t\t\t\t<\/div>\n\t\t<div class=\"elementor-element elementor-element-46d2dc42 e-flex e-con-boxed e-con e-parent\" data-id=\"46d2dc42\" data-element_type=\"container\" data-e-type=\"container\" data-settings=\"{&quot;background_background&quot;:&quot;classic&quot;}\">\n\t\t\t\t\t<div class=\"e-con-inner\">\n\t\t<div class=\"elementor-element elementor-element-3a733267 e-con-full e-flex e-con e-child\" data-id=\"3a733267\" data-element_type=\"container\" data-e-type=\"container\">\n\t\t\t\t<div class=\"elementor-element elementor-element-426f1db3 elementor-widget-mobile__width-inherit elementor-widget elementor-widget-heading\" data-id=\"426f1db3\" data-element_type=\"widget\" data-e-type=\"widget\" data-widget_type=\"heading.default\">\n\t\t\t\t<div class=\"elementor-widget-container\">\n\t\t\t\t\t<h2 class=\"elementor-heading-title elementor-size-default\">Testimonis<\/h2>\t\t\t\t<\/div>\n\t\t\t\t<\/div>\n\t\t\t\t<div class=\"elementor-element elementor-element-6dfdaf12 elementor-widget elementor-widget-text-editor\" data-id=\"6dfdaf12\" data-element_type=\"widget\" data-e-type=\"widget\" data-widget_type=\"text-editor.default\">\n\t\t\t\t<div class=\"elementor-widget-container\">\n\t\t\t\t\t\t\t\t\t<p>\u201cTreballar amb Pere ha suposat una transformaci\u00f3 en la nostra gesti\u00f3 laboral. La seva implicaci\u00f3, coneixement t\u00e8cnic i capacitat resolutiva han millorat notablement els nostres processos i relacions amb els empleats.\u201d<\/p><p>\u00a0<\/p><p>\u2014 <em>Miquel Serra, Director de Recursos Humans<\/em><\/p>\t\t\t\t\t\t\t\t<\/div>\n\t\t\t\t<\/div>\n\t\t\t\t<\/div>\n\t\t\t\t\t<\/div>\n\t\t\t\t<\/div>\n\t\t<div class=\"elementor-element elementor-element-7d130092 e-con-full e-flex e-con e-parent\" data-id=\"7d130092\" data-element_type=\"container\" data-e-type=\"container\" data-settings=\"{&quot;background_background&quot;:&quot;classic&quot;}\">\n\t\t<div class=\"elementor-element elementor-element-54e310d0 e-con-full e-flex e-con e-child\" data-id=\"54e310d0\" data-element_type=\"container\" data-e-type=\"container\">\n\t\t\t\t<div class=\"elementor-element elementor-element-7e26960b elementor-widget elementor-widget-image\" data-id=\"7e26960b\" data-element_type=\"widget\" data-e-type=\"widget\" data-widget_type=\"image.default\">\n\t\t\t\t<div class=\"elementor-widget-container\">\n\t\t\t\t\t\t\t\t\t\t\t\t\t\t\t<img decoding=\"async\" width=\"520\" height=\"100\" src=\"https:\/\/pereobrador.es\/wp-content\/uploads\/2025\/06\/finciacion-union-europea-logo-kit-digital.jpg\" class=\"attachment-large size-large wp-image-28\" alt=\"\" srcset=\"https:\/\/pereobrador.es\/wp-content\/uploads\/2025\/06\/finciacion-union-europea-logo-kit-digital.jpg 520w, https:\/\/pereobrador.es\/wp-content\/uploads\/2025\/06\/finciacion-union-europea-logo-kit-digital-300x58.jpg 300w\" sizes=\"(max-width: 520px) 100vw, 520px\" \/>\t\t\t\t\t\t\t\t\t\t\t\t\t\t\t<\/div>\n\t\t\t\t<\/div>\n\t\t\t\t<\/div>\n\t\t<div class=\"elementor-element elementor-element-22e3561 e-con-full e-flex e-con e-child\" data-id=\"22e3561\" data-element_type=\"container\" data-e-type=\"container\">\n\t\t\t\t<div class=\"elementor-element elementor-element-6964b386 elementor-widget elementor-widget-image\" data-id=\"6964b386\" data-element_type=\"widget\" data-e-type=\"widget\" data-widget_type=\"image.default\">\n\t\t\t\t<div class=\"elementor-widget-container\">\n\t\t\t\t\t\t\t\t\t\t\t\t\t\t\t<img decoding=\"async\" width=\"520\" height=\"100\" src=\"https:\/\/pereobrador.es\/wp-content\/uploads\/2025\/06\/ministerio-industria-comercio-logo.jpg\" class=\"attachment-large size-large wp-image-30\" alt=\"\" srcset=\"https:\/\/pereobrador.es\/wp-content\/uploads\/2025\/06\/ministerio-industria-comercio-logo.jpg 520w, https:\/\/pereobrador.es\/wp-content\/uploads\/2025\/06\/ministerio-industria-comercio-logo-300x58.jpg 300w\" sizes=\"(max-width: 520px) 100vw, 520px\" \/>\t\t\t\t\t\t\t\t\t\t\t\t\t\t\t<\/div>\n\t\t\t\t<\/div>\n\t\t\t\t<\/div>\n\t\t<div class=\"elementor-element elementor-element-5c39451 e-con-full e-flex e-con e-child\" data-id=\"5c39451\" data-element_type=\"container\" data-e-type=\"container\">\n\t\t\t\t<div class=\"elementor-element elementor-element-4dc8ef29 elementor-widget elementor-widget-image\" data-id=\"4dc8ef29\" data-element_type=\"widget\" data-e-type=\"widget\" data-widget_type=\"image.default\">\n\t\t\t\t<div class=\"elementor-widget-container\">\n\t\t\t\t\t\t\t\t\t\t\t\t\t\t\t<img loading=\"lazy\" decoding=\"async\" width=\"520\" height=\"100\" src=\"https:\/\/pereobrador.es\/wp-content\/uploads\/2025\/06\/plan-recuperacion-logo.jpg\" class=\"attachment-large size-large wp-image-32\" alt=\"\" srcset=\"https:\/\/pereobrador.es\/wp-content\/uploads\/2025\/06\/plan-recuperacion-logo.jpg 520w, https:\/\/pereobrador.es\/wp-content\/uploads\/2025\/06\/plan-recuperacion-logo-300x58.jpg 300w\" sizes=\"(max-width: 520px) 100vw, 520px\" \/>\t\t\t\t\t\t\t\t\t\t\t\t\t\t\t<\/div>\n\t\t\t\t<\/div>\n\t\t\t\t<\/div>\n\t\t\t\t<\/div>\n\t\t\t\t<\/div>\n\t\t","protected":false},"excerpt":{"rendered":"<p>Sobre Pere Obrador Garau Graduat Social especialitzat en dret laboral i assessorament d&#8217;empreses. Pere Obrador Garau \u00e9s un graduat social [&hellip;]<\/p>\n","protected":false},"author":1,"featured_media":0,"parent":0,"menu_order":0,"comment_status":"closed","ping_status":"closed","template":"","meta":{"site-sidebar-layout":"no-sidebar","site-content-layout":"","ast-site-content-layout":"full-width-container","site-content-style":"default","site-sidebar-style":"default","ast-global-header-display":"","ast-banner-title-visibility":"","ast-main-header-display":"","ast-hfb-above-header-display":"","ast-hfb-below-header-display":"","ast-hfb-mobile-header-display":"","site-post-title":"disabled","ast-breadcrumbs-content":"","ast-featured-img":"disabled","footer-sml-layout":"","ast-disable-related-posts":"","theme-transparent-header-meta":"","adv-header-id-meta":"","stick-header-meta":"","header-above-stick-meta":"","header-main-stick-meta":"","header-below-stick-meta":"","astra-migrate-meta-layouts":"default","ast-page-background-enabled":"default","ast-page-background-meta":{"desktop":{"background-color":"var(--ast-global-color-5)","background-image":"","background-repeat":"repeat","background-position":"center center","background-size":"auto","background-attachment":"scroll","background-type":"","background-media":"","overlay-type":"","overlay-color":"","overlay-opacity":"","overlay-gradient":""},"tablet":{"background-color":"","background-image":"","background-repeat":"repeat","background-position":"center center","background-size":"auto","background-attachment":"scroll","background-type":"","background-media":"","overlay-type":"","overlay-color":"","overlay-opacity":"","overlay-gradient":""},"mobile":{"background-color":"","background-image":"","background-repeat":"repeat","background-position":"center center","background-size":"auto","background-attachment":"scroll","background-type":"","background-media":"","overlay-type":"","overlay-color":"","overlay-opacity":"","overlay-gradient":""}},"ast-content-background-meta":{"desktop":{"background-color":"var(--ast-global-color-4)","background-image":"","background-repeat":"repeat","background-position":"center center","background-size":"auto","background-attachment":"scroll","background-type":"","background-media":"","overlay-type":"","overlay-color":"","overlay-opacity":"","overlay-gradient":""},"tablet":{"background-color":"var(--ast-global-color-4)","background-image":"","background-repeat":"repeat","background-position":"center center","background-size":"auto","background-attachment":"scroll","background-type":"","background-media":"","overlay-type":"","overlay-color":"","overlay-opacity":"","overlay-gradient":""},"mobile":{"background-color":"var(--ast-global-color-4)","background-image":"","background-repeat":"repeat","background-position":"center center","background-size":"auto","background-attachment":"scroll","background-type":"","background-media":"","overlay-type":"","overlay-color":"","overlay-opacity":"","overlay-gradient":""}},"footnotes":""},"class_list":["post-241","page","type-page","status-publish","hentry"],"_links":{"self":[{"href":"https:\/\/pereobrador.es\/ca\/wp-json\/wp\/v2\/pages\/241","targetHints":{"allow":["GET"]}}],"collection":[{"href":"https:\/\/pereobrador.es\/ca\/wp-json\/wp\/v2\/pages"}],"about":[{"href":"https:\/\/pereobrador.es\/ca\/wp-json\/wp\/v2\/types\/page"}],"author":[{"embeddable":true,"href":"https:\/\/pereobrador.es\/ca\/wp-json\/wp\/v2\/users\/1"}],"replies":[{"embeddable":true,"href":"https:\/\/pereobrador.es\/ca\/wp-json\/wp\/v2\/comments?post=241"}],"version-history":[{"count":24,"href":"https:\/\/pereobrador.es\/ca\/wp-json\/wp\/v2\/pages\/241\/revisions"}],"predecessor-version":[{"id":793,"href":"https:\/\/pereobrador.es\/ca\/wp-json\/wp\/v2\/pages\/241\/revisions\/793"}],"wp:attachment":[{"href":"https:\/\/pereobrador.es\/ca\/wp-json\/wp\/v2\/media?parent=241"}],"curies":[{"name":"wp","href":"https:\/\/api.w.org\/{rel}","templated":true}]}}